{"id":92,"date":"2021-11-09T13:26:02","date_gmt":"2021-11-09T12:26:02","guid":{"rendered":"https:\/\/schuetzen-allerheiligen.saufkopf.at\/?page_id=92"},"modified":"2024-04-10T09:34:56","modified_gmt":"2024-04-10T07:34:56","slug":"jungschuetzen","status":"publish","type":"page","link":"https:\/\/www.schuetzen-allerheiligen.at\/?page_id=92","title":{"rendered":"Jungsch\u00fctzen"},"content":{"rendered":"\n<p>Die Jungsch\u00fctzen und Jungmarketenderinnen sind ein fixer Bestandteil der Sch\u00fctzenkompanie Allerheiligen und bilden die Basis f\u00fcr die Zukunft der Kompanie. Sie nehmen an fast allen Ausr\u00fcckungen der Kompanie teil. Wir haben derzeit 5 Jungsch\u00fctzen und 1 Jungmarketenderin. Das &nbsp;Alter liegt zwischen 7 und 13 Jahren.<\/p>\n\n\n\n<p>Spa\u00df, Sport und Spiel d\u00fcrfen nat\u00fcrlich auch nicht fehlen. Bei verschiedenen Aktivit\u00e4ten (Skifahren, Eislaufen, Schwimmen, Besuch von Freizeiteinrichtungen, Nikolausfeier, Jungsch\u00fctzenlager, u.v.m.) haben wir immer gro\u00dfen Spa\u00df. In regelm\u00e4\u00dfigen Abst\u00e4nden finden auch Heimstunden statt. Hier werden dir die Geschichte Tirols nahegebracht, Spiele veranstaltet und auch f\u00fcr verschiedene Anl\u00e4sse (Ostern, Advent usw.) gebastelt.<\/p>\n\n\n\n<p>Auch der Schie\u00dfsport wird bei uns gef\u00f6rdert. Ab dem 10. Lebensjahr kannst du, unter strenger Aufsicht nat\u00fcrlich und mit Einverst\u00e4ndniserkl\u00e4rung deiner Eltern, am Schie\u00dfstand in unserem Sch\u00fctzenheim dein K\u00f6nnen unter Beweis stellen. Hierzu ist allerdings auch sehr viel Konzentration und Flei\u00df notwendig.<\/p>\n\n\n\n<p>Du bist interessiert? Du hast Fragen? An wen kannst du Dich wenden?<\/p>\n\n\n\n<p>F\u00fcr unsere Jungsch\u00fctzen gibt es einen Jungsch\u00fctzenbetreuer \u2013 er ist dein erster Ansprechpartner f\u00fcr alle Deine Fragen und Anliegen. Du kannst Dich jederzeit bei ihm melden.<\/p>\n\n\n\n<p>Jungsch\u00fctzenbetreuer: \u00a0\u00a0\u00a0 Hr. Christian Dag<\/p>\n\n\n\n<p>Tel.Nr.\u00a0 0664\/52 57 944<\/p>\n\n\n\n<p><a href=\"mailto:d.lengauer@hotmail.com\">christiandag87@gmail.com<\/a><\/p>\n\n\n\n<p>Selbstverst\u00e4ndlich stehen Dir und Deinen Eltern auch der Hauptmann unserer Kompanie, Hr. Fabian Santeler, Tel.Nr.&nbsp; 0699 \/ 15087791,&nbsp;&nbsp;mail: <span style=\"text-decoration: underline;\">fabian.santeler93@gmail.com<\/span> <br>und der &nbsp;Oberleutnant Hr. Gerhard Schwitzer, Tel.Nr. 0664 \/ 186 47 50, mail:&nbsp;<a href=\"mailto:gerhard.schwitzer@gmx.at\">gerhard.schwitzer@gmx.at<\/a>&nbsp;jederzeit f\u00fcr Fragen und Ausk\u00fcnfte zur Verf\u00fcgung.<\/p>\n\n\n\n<p>Du kannst aber auch gerne in unserem Sch\u00fctzenheim (NMS H\u00f6tting West, auf der Westseite vor dem Kunstrasenplatz) jeweils Freitag ab 19:00 Uhr mit deinen Eltern vorbeischauen.<\/p>\n\n\n\n<p>Wir freuen uns \u00fcber Dein Interesse.&nbsp;<\/p>\n","protected":false},"excerpt":{"rendered":"<p>Die Jungsch\u00fctzen und Jungmarketenderinnen sind ein fixer Bestandteil der Sch\u00fctzenkompanie Allerheiligen und bilden die Basis f\u00fcr die Zukunft der Kompanie. Sie nehmen an fast allen Ausr\u00fcckungen der Kompanie teil. Wir &hellip; <\/p>\n<p class=\"link-more\"><a href=\"https:\/\/www.schuetzen-allerheiligen.at\/?page_id=92\" class=\"more-link\"><span class=\"screen-reader-text\">\u201eJungsch\u00fctzen\u201c<\/span> weiterlesen<\/a><\/p>\n","protected":false},"author":1,"featured_media":0,"parent":37,"menu_order":1,"comment_status":"closed","ping_status":"closed","template":"","meta":{"advanced_seo_description":"","jetpack_seo_html_title":"","jetpack_seo_noindex":false,"footnotes":""},"class_list":["post-92","page","type-page","status-publish","hentry"],"jetpack_sharing_enabled":true,"_links":{"self":[{"href":"https:\/\/www.schuetzen-allerheiligen.at\/index.php?rest_route=\/wp\/v2\/pages\/92","targetHints":{"allow":["GET"]}}],"collection":[{"href":"https:\/\/www.schuetzen-allerheiligen.at\/index.php?rest_route=\/wp\/v2\/pages"}],"about":[{"href":"https:\/\/www.schuetzen-allerheiligen.at\/index.php?rest_route=\/wp\/v2\/types\/page"}],"author":[{"embeddable":true,"href":"https:\/\/www.schuetzen-allerheiligen.at\/index.php?rest_route=\/wp\/v2\/users\/1"}],"replies":[{"embeddable":true,"href":"https:\/\/www.schuetzen-allerheiligen.at\/index.php?rest_route=%2Fwp%2Fv2%2Fcomments&post=92"}],"version-history":[{"count":0,"href":"https:\/\/www.schuetzen-allerheiligen.at\/index.php?rest_route=\/wp\/v2\/pages\/92\/revisions"}],"up":[{"embeddable":true,"href":"https:\/\/www.schuetzen-allerheiligen.at\/index.php?rest_route=\/wp\/v2\/pages\/37"}],"wp:attachment":[{"href":"https:\/\/www.schuetzen-allerheiligen.at\/index.php?rest_route=%2Fwp%2Fv2%2Fmedia&parent=92"}],"curies":[{"name":"wp","href":"https:\/\/api.w.org\/{rel}","templated":true}]}}