{"id":96,"date":"2021-11-09T13:35:51","date_gmt":"2021-11-09T12:35:51","guid":{"rendered":"https:\/\/schuetzen-allerheiligen.saufkopf.at\/?page_id=96"},"modified":"2021-11-09T13:35:51","modified_gmt":"2021-11-09T12:35:51","slug":"chronik","status":"publish","type":"page","link":"https:\/\/www.schuetzen-allerheiligen.at\/?page_id=96","title":{"rendered":"Chronik"},"content":{"rendered":"\n<h2 class=\"wp-block-heading\">Die Sch\u00fctzenkompanie Allerheiligen<\/h2>\n\n\n\n<p>Die Sch\u00fctzenkompanie Allerheiligen wurde im Jahre 1989 gegr\u00fcndet.<br>Ihr Name bezieht sich auf das Patrozinium der 1965 geweihten Pfarrkirche der im Jahre 1997 errichteten, seither selbst\u00e4ndigen Pfarre Allerheiligen, deren Gebiet urspr\u00fcnglich der Dorfgemeinde H\u00f6tting zugeh\u00f6rte und vorwiegend landwirtschaftlich genutzt wurde. Alte Siedlungskerne repr\u00e4sentieren hier vor allem Kranebitten mit seinem um 1620 erbauten Kirchlein zu Mariae Heimsuchung ( nunmehr auch Sitz eines Pfarrvikariates ) sowie einige Einzelh\u00f6fe im Einzugsbereich der \u00e4u\u00dferen Schneeburggasse, welche bis gegen 1600 als die alte Landstra\u00dfe von Innsbruck nach Zirl fungierte. Das Patrozinium der sch\u00f6nen modernen, nach Pl\u00e4nen von Clemens Holzmeister erbauten Pfarrkirche kn\u00fcpft an die einstige Allerheiligenkirche an, welche die Innsbrucker B\u00fcrger im Jahre 1327 erbaut haben, die jedoch 1786 profaniert und sp\u00e4ter abgerissen worden ist.<br>Sie stand an der Stelle der heutigen Wohnanlage Schneeburggasse\/Berchtoldshofweg 1 &#8211; 1c. Die intensivere Nutzung des Gebietes f\u00fcr den Wohn- und Siedlungsbau setzte erst um 1930 ein und betraf oben am Talhang die H\u00f6rtnagl- und am Talboden die Lohbachsiedlung. Abgesehen von der Heilig &#8211; Jahr &#8211; Siedlung von 1950, entstanden ungef\u00e4hr seit dem Ende der 60er Jahre die neuen Siedlungskerne einerseits oben in Sadrach und andererseits die gro\u00dfen Wohnanlagen in der Ulfiswiese in der Nachbarschaft der Baufakult\u00e4t (1970) der Universit\u00e4t Innsbruck westlich anschlie\u00dfend an die Lohbachsiedlung sowie die Hangsiedlung auf den Peerhof &#8211; Gr\u00fcnden. Die Sch\u00fctzenkompanie Allerheiligen tr\u00e4gt die Wipptaler Tracht. Die Kompaniefahne wurde nach einem thematischen Konzept von Franz &#8211; Heinz Hye k\u00fcnstlerisch von Toni H\u00f6ck gestaltet. Hauptmann der Kompanie ist seit ihrer Gr\u00fcndung (1989) Mag. Josef Pargger, Offizier des \u00d6sterreichischen Bundesheeres.<br>Ehrenhauptm\u00e4nner:<br>DDr. Herwig van Staa, Landtagspr\u00e4sident von Tirol (vormals B\u00fcrgermeister von Innsbruck und Landeshauptmann von Tirol), seit 1995.<br>Dr. Christoph Platzgummer, Bezirkshauptmann von Kufstein.<\/p>\n\n\n\n<p><img loading=\"lazy\" decoding=\"async\" src=\"http:\/\/www.schuetzen-allerheiligen.at\/files\/schuetzen1\/images\/top_banner\/chronik_1.jpg\" alt=\"Vorderseite Standarte Sch\u00fctzenkompanie Allerheiligen\" width=\"100\" height=\"149\">Kompaniefahne der Sch\u00fctzenkompanie Allerheiligen.<br>Weihe 1990. Die Vorderseite zeigt auf wei\u00df-gr\u00fcnem Fahnenblatt die Wappen von Tirol, Innsbruck und das von Hye konzipierte Stadtteilwappen von H\u00f6tting &#8211; West \/ Allerheiligen mit Darstellung des \u00e4ltesten Innbrucker Grenzsteines (von ca. 1460) an der alten Landgerichtsgrenze zwischen H\u00f6tting (= LG Sonnenburg) und Zirl (= LG H\u00f6rtenberg).<\/p>\n\n\n\n<p><img loading=\"lazy\" decoding=\"async\" src=\"http:\/\/www.schuetzen-allerheiligen.at\/files\/schuetzen1\/images\/top_banner\/chronik_2.jpg\" alt=\"files\/schuetzen1\/images\/top_banner\/chronik_2.jpg\" width=\"100\" height=\"150\">Die R\u00fcckseite der Fahne zeigt die Darstellung von Mariae Heimsuchung. Als Vorlage diente dabei das Altarblatt am Altar des Mariae &#8211; Heimsuchung &#8211; Kirchleins von Kranebitten (erbaut um 1620). Idee: F. H. Hye, Ausf\u00fchrung: Toni H\u00f6ck Weihe: 1990. Fahnenpatin: Hanna Schlenck, die Gattin des verstorbenen RLB &#8211; Generaldirektors Dr. G\u00fcnther Schlenck.<\/p>\n\n\n\n<figure class=\"wp-block-image\"><img decoding=\"async\" src=\"http:\/\/www.schuetzen-allerheiligen.at\/assets\/images\/f\/chronik_karte-1f83d07f.jpg\" alt=\"\"\/><figcaption>Planausschnitt mit Angabe der Lage des ca. 20 Meter oberhalb der Bundesstra\u00dfe im Walde stehenden historischen Grenzsteines an der Grenze zwischen Innsbruck \/ H\u00f6tting und Zirl.<\/figcaption><\/figure>\n\n\n\n<figure class=\"wp-block-image\"><img decoding=\"async\" src=\"http:\/\/www.schuetzen-allerheiligen.at\/assets\/images\/6\/chronik_stein-b31a3096.jpg\" alt=\"\"\/><\/figure>\n\n\n\n<p>Der im Kompanie &#8211; Abzeichen von Allerheiligen dargestellte bald 500j\u00e4hrige Grenzstein, dessen Gestalt an einen gotischen Bildstock erinnert und dessen Breitseiten mit einem gotischen Tatzenkreuz geziert sind. Es ist dies der \u00e4lteste erhaltene Grenzstein der Stadt Innsbruck in ihrer Ausdehnung seit 1938.&nbsp;<\/p>\n","protected":false},"excerpt":{"rendered":"<p>Die Sch\u00fctzenkompanie Allerheiligen Die Sch\u00fctzenkompanie Allerheiligen wurde im Jahre 1989 gegr\u00fcndet.Ihr Name bezieht sich auf das Patrozinium der 1965 geweihten Pfarrkirche der im Jahre 1997 errichteten, seither selbst\u00e4ndigen Pfarre Allerheiligen, &hellip; <\/p>\n<p class=\"link-more\"><a href=\"https:\/\/www.schuetzen-allerheiligen.at\/?page_id=96\" class=\"more-link\"><span class=\"screen-reader-text\">\u201eChronik\u201c<\/span> weiterlesen<\/a><\/p>\n","protected":false},"author":1,"featured_media":0,"parent":37,"menu_order":1,"comment_status":"closed","ping_status":"closed","template":"","meta":{"advanced_seo_description":"","jetpack_seo_html_title":"","jetpack_seo_noindex":false,"footnotes":""},"class_list":["post-96","page","type-page","status-publish","hentry"],"jetpack_sharing_enabled":true,"_links":{"self":[{"href":"https:\/\/www.schuetzen-allerheiligen.at\/index.php?rest_route=\/wp\/v2\/pages\/96","targetHints":{"allow":["GET"]}}],"collection":[{"href":"https:\/\/www.schuetzen-allerheiligen.at\/index.php?rest_route=\/wp\/v2\/pages"}],"about":[{"href":"https:\/\/www.schuetzen-allerheiligen.at\/index.php?rest_route=\/wp\/v2\/types\/page"}],"author":[{"embeddable":true,"href":"https:\/\/www.schuetzen-allerheiligen.at\/index.php?rest_route=\/wp\/v2\/users\/1"}],"replies":[{"embeddable":true,"href":"https:\/\/www.schuetzen-allerheiligen.at\/index.php?rest_route=%2Fwp%2Fv2%2Fcomments&post=96"}],"version-history":[{"count":0,"href":"https:\/\/www.schuetzen-allerheiligen.at\/index.php?rest_route=\/wp\/v2\/pages\/96\/revisions"}],"up":[{"embeddable":true,"href":"https:\/\/www.schuetzen-allerheiligen.at\/index.php?rest_route=\/wp\/v2\/pages\/37"}],"wp:attachment":[{"href":"https:\/\/www.schuetzen-allerheiligen.at\/index.php?rest_route=%2Fwp%2Fv2%2Fmedia&parent=96"}],"curies":[{"name":"wp","href":"https:\/\/api.w.org\/{rel}","templated":true}]}}