{"id":98,"date":"2021-11-09T13:37:11","date_gmt":"2021-11-09T12:37:11","guid":{"rendered":"https:\/\/schuetzen-allerheiligen.saufkopf.at\/?page_id=98"},"modified":"2023-09-14T18:26:42","modified_gmt":"2023-09-14T16:26:42","slug":"weitere-wichtige-eckdaten-der-allerheiliger-schuetzengeschichte","status":"publish","type":"page","link":"https:\/\/www.schuetzen-allerheiligen.at\/?page_id=98","title":{"rendered":"Weitere wichtige Eckdaten der Allerheiliger Sch\u00fctzengeschichte"},"content":{"rendered":"\n<p><strong>16 06 89:<\/strong><br>Gr\u00fcndungsversammlung im Kolpinghaus H\u00f6tting West<br><strong>Herbst 89:<\/strong><br>Einkleidung u. Ausstattung mit Gewehren K 98<br><strong>06 01 90:<\/strong><br>1. Sch\u00fctzenball im Kolpingsaal<br><strong>1. &#8211; 3. Juni 90:<\/strong><br>Gr\u00fcndungsfest \/ Fahnenpatin Hanna Schlenck<br><strong>Herbst 90:<\/strong><br>Initiative der Allerheiliger Sch\u00fctzen f\u00fcr ein Stadtteilwappen<br>gemeinsam mit dem Stadtarchivdirektor<br>Sen.Rat. Univ.Prov. Franz Heinz von Hye<br><strong>26 10 91:<\/strong><br>Ehrenkompanie am Landhausplatz zum Nationalfeiertag<br><strong>13. u. 14: Juni 91:<\/strong><br>Bataillonsfest Innsbruck in Allerheiligen<br><strong>1. Mai 93:<\/strong><br>1. Maibaum mit Maibaumfest<br><strong>06 11 93:<\/strong><br>Einweihung des Sch\u00fctzenheimes (Bauleiter Ernest He\u00df)<br><strong>26 11 94:<\/strong><br>1. Christbaum mit Adventmarkt<br><strong>14 11 95:<\/strong><br>Ernennung von Bgm. Univ. Prof. DDr. Herwig van Staa zum Ehrenhauptmann<br><strong>15 06 97:<\/strong><br>Einweihung der selbsterrichteten &#8222;Besinnungsst\u00e4tte Peerhofsiedlung&#8220;<br><strong>21 09 97:<\/strong><br>Partnerschaftsfeier mit dem Milizverband Steiermark<br><strong>21 05 98:<\/strong><br>Gr\u00fcndungmitglied Leutnant Ernest He\u00df verstorben<br><strong>02 05 99:<\/strong><br>Feier anl\u00e4\u00dflich 10 Jahre Sch\u00fctzenkompanie in der Peerhofsiedlung<br><strong>30. u. 31: August 03:<\/strong><br>Bataillonsfest Innsbruck in Allerheiligen Neue Jungsch\u00fctzenfahne \/ Fahnenpatin Edith Tr\u00f6binger Vizeb\u00fcrgermeister Mag. Dr. Michael Bielowski wird Ehrenoberleutnant<br><strong>Herbst 03:<\/strong><br>Anschaffung neuer Schweizer Gewehre M 31<br>Homepage der Sch\u00fctzenkompanie Allerheiligen installiert<br><strong>Fr\u00fchjahr 04:<\/strong><br>Ein eigenes Logo der Sch\u00fctzenkompanie Allerheiligen (Entwurf: Zugsf\u00fchrer Christian Giuliani)<br><strong>19 09 04:<\/strong><br>Beschlu\u00df neuer Kompaniestatuten<br><strong>Fr\u00fchjahr 2006:<br><\/strong>Neue L\u00fcftung im Sch\u00fctzenheim durch Unterst\u00fctzung der Stadt<br><strong>Sommer 2007:<br><\/strong>Neues Exerzieren mit S\u00e4belkommandos wird eingef\u00fchrt<br>Homepage wird komplett neu \u00fcberarbeitet und gestaltet<br><strong>16. September 2007:<br><\/strong>Bei der Jahreshauptversammlung im Kranebitter &#8222;Stadl&#8220; wird durch Zgf Christian Giuliani eine Foto-CD &#8220; 18 Jahre Sch\u00fctzenkompanie Allerheiligen ver\u00f6ffentlicht<br><strong>11. Dezember 2007:<br><\/strong>In einer au\u00dferordentlichen Kompanieversammlung wird Unterj\u00e4ger u. Kassier Helmut Probst zum &#8222;Leutnant&#8220; gew\u00e4hlt. Weitere Ausschussmitglieder f\u00fcr 3 Jahre seit der Neuwahl vom 16. September 2007: Hauptmann u. Obmann Mag. Sepp Pargger, Oberleutnant u. Stv Obmann Gerhard Schwitzer, Schriftf\u00fchrerin u. Marketenderin Desiree Lang, F\u00e4hnrich Herbert Tr\u00f6binger, Jungsch\u00fctzenbetreuerin u. Marketenderin Daniela Hess, Zeugwart u. Lagerwart Christoph Santeler, Waffenmeister Gerhard Dengg<br><strong>14. September 2008:<br><\/strong>Im Rahmen der Jahreshauptversammlung wird erstmalig der Kompaniesch\u00fctzenk\u00f6nig Fhr Herbert Tr\u00f6binger mit der K\u00f6nigskette ausgezeichnet. Die Kette wurde gewidmet vom Ehrenoberleutnant Alfred Steiner und Unterj\u00e4ger Manfred Franzelin<br><strong>1. Mai 2009:<br><\/strong>Feier zum 20-j\u00e4hrigen Bestandsjubil\u00e4um mit Ernennung von Vizeb\u00fcrgermeister Mag. Dr. Christoph Platzgummer zum Ehrenhauptmann und Jungsch\u00fctzenfahnenpatin Edith Tr\u00f6binger zur Ehrenkranztr\u00e4gerin\u00a0<br><strong>1. Oktober 2010:<br><\/strong>Nach 17 Jahren \u00fcbergibt die Sch\u00fctzenheimwirtin Marlene He\u00df (Tr\u00e4gerin der &#8222;goldenen Ehrennadel&#8220;) das Zepter an Olt Gerhard Schwitzer<br><strong>Oktober\/November 2010:<br><\/strong>Anstatt der \u00fcblichen Sch\u00fctzenausweise,\u00a0wechselt unsere Kompanie auf die modernen und zeitgem\u00e4\u00dfen &#8222;Mitgliedsausweiskarten&#8220; im Scheckkartenformat<br><strong>21. November 2011:\u00a0<\/strong>Neues Kompaniefoto der Sch\u00fctzenkompanie Allerheiligen wird in der Pfarrkirche Allerheiligen aufgenommen.<br><strong>September 2012 bis Anfang M\u00e4rz 2013:\u00a0<\/strong>Bau eines neuen Sch\u00fctzenheimes<br><strong>20. April 2013:\u00a0<\/strong>Offizielle Er\u00f6ffnung und Einweihung des neuen Sch\u00fctzenheimes<br><strong>5. und 6. Juli 2014:\u00a0<\/strong>Sch\u00fctzenbataillonsfest und 25 Jahre Sch\u00fctzenkompanie Allerheiligen im Stadtteil<br><strong>18. September 2016:\u00a0<\/strong>1. Herbstfest der Sch\u00fctzenkompanie Allerheiligen<br><strong>September 2016:\u00a0<\/strong>Die Allerheiliger Sch\u00fctzen sind im Facebook vertreten<br><strong>14. J\u00e4nner 2017:\u00a0<\/strong>28. und zugleich letzter Sch\u00fctzenball der Sch\u00fctzenkompanie Allerheiligen<br><strong>11. November 2017:\u00a0<\/strong>1. Stadtteilt\u00f6rggelen der Sch\u00fctzenkompanie Allerheiligen<br><strong>4. August 2018:\u00a0<\/strong>1. Sommernachtsfest der Sch\u00fctzenkompanie Allerheiligen<br><strong>16. Juni 2019:\u00a0<\/strong>Festakt zu &#8222;30 Jahre Sch\u00fctzenkompanie Allerheiligen&#8220; in der Pfarrkirche im Rahmen der Hl. Firmung<br><strong>Herbst 2019:<\/strong>\u00a0Fertigstellung eines neuen vollelektronischen Schie\u00dfstandes der Firma Meyton und Bau eines \u00fcberdachten Raucherbereiches im Sch\u00fctzenheimgarten<br><strong>30. September 2021:\u00a0<\/strong>Ehrenkompanie vor der Hofburg anl\u00e4sslich &#8222;Ausschuss der Regionen &#8211; 10 Jahre Tirol, S\u00fcdtirol und Trentino&#8220; mit einer legend\u00e4ren Ehrensalve (BESSER GEHT NICHT &#8211; so das Originalzitat des Landeshauptmannes)<br><strong>24. September 2022: <\/strong>Neuer Ausschuss mit neuem Hauptmann und laut Statuten\u00e4nderung mit Obmann. Hauptmann Fabian Santeler und Obmann Gerhard Schwitzer.<\/p>\n","protected":false},"excerpt":{"rendered":"<p>16 06 89:Gr\u00fcndungsversammlung im Kolpinghaus H\u00f6tting WestHerbst 89:Einkleidung u. Ausstattung mit Gewehren K 9806 01 90:1. Sch\u00fctzenball im Kolpingsaal1. &#8211; 3. Juni 90:Gr\u00fcndungsfest \/ Fahnenpatin Hanna SchlenckHerbst 90:Initiative der Allerheiliger &hellip; <\/p>\n<p class=\"link-more\"><a href=\"https:\/\/www.schuetzen-allerheiligen.at\/?page_id=98\" class=\"more-link\"><span class=\"screen-reader-text\">\u201eWeitere wichtige Eckdaten der Allerheiliger Sch\u00fctzengeschichte\u201c<\/span> weiterlesen<\/a><\/p>\n","protected":false},"author":1,"featured_media":0,"parent":96,"menu_order":1,"comment_status":"closed","ping_status":"closed","template":"","meta":{"advanced_seo_description":"","jetpack_seo_html_title":"","jetpack_seo_noindex":false,"footnotes":""},"class_list":["post-98","page","type-page","status-publish","hentry"],"jetpack_sharing_enabled":true,"_links":{"self":[{"href":"https:\/\/www.schuetzen-allerheiligen.at\/index.php?rest_route=\/wp\/v2\/pages\/98","targetHints":{"allow":["GET"]}}],"collection":[{"href":"https:\/\/www.schuetzen-allerheiligen.at\/index.php?rest_route=\/wp\/v2\/pages"}],"about":[{"href":"https:\/\/www.schuetzen-allerheiligen.at\/index.php?rest_route=\/wp\/v2\/types\/page"}],"author":[{"embeddable":true,"href":"https:\/\/www.schuetzen-allerheiligen.at\/index.php?rest_route=\/wp\/v2\/users\/1"}],"replies":[{"embeddable":true,"href":"https:\/\/www.schuetzen-allerheiligen.at\/index.php?rest_route=%2Fwp%2Fv2%2Fcomments&post=98"}],"version-history":[{"count":0,"href":"https:\/\/www.schuetzen-allerheiligen.at\/index.php?rest_route=\/wp\/v2\/pages\/98\/revisions"}],"up":[{"embeddable":true,"href":"https:\/\/www.schuetzen-allerheiligen.at\/index.php?rest_route=\/wp\/v2\/pages\/96"}],"wp:attachment":[{"href":"https:\/\/www.schuetzen-allerheiligen.at\/index.php?rest_route=%2Fwp%2Fv2%2Fmedia&parent=98"}],"curies":[{"name":"wp","href":"https:\/\/api.w.org\/{rel}","templated":true}]}}